{"id":8059,"date":"2024-02-02T12:00:48","date_gmt":"2024-02-02T12:00:48","guid":{"rendered":"https:\/\/www.mamparasyduchas.com\/?post_type=product&#038;p=8059"},"modified":"2024-02-02T12:00:58","modified_gmt":"2024-02-02T12:00:58","slug":"mueble-bano-suspendido-roma-socimobel","status":"publish","type":"product","link":"https:\/\/mamparasyduchas.com\/en\/muebles-de-bano\/suspendido\/roma\/mueble-bano-suspendido-roma-socimobel\/","title":{"rendered":"Mueble Ba\u00f1o Suspendido Roma (Socimobel)"},"content":{"rendered":"<p><strong>MUEBLE DE BA\u00d1O SUSPENDIDO ROMA 2 CAJONES 80 CM.<\/strong><\/p>\n<p>Mueble de Ba\u00f1o de 81 cm de ancho. Composici\u00f3n de 1 m\u00f3dulo de 2 cajones y 1 lavabo cer\u00e1mico.<\/p>\n<p><strong>Fondo disponible:<\/strong> 40 y 45 cm<\/p>\n<p>\u00b7 Cajones met\u00e1licos con extracci\u00f3n total.<br \/>\n\u00b7\u00a0<strong>Guias HETTICH<\/strong>, guias de alta calidad y duraci\u00f3n.<br \/>\n\u00b7\u00a0Mueble de ba\u00f1o modular. Mueble compuesto por: 1 m\u00f3dulo de 2 cajones y 1 lavabo cer\u00e1mico.<\/p>","protected":false},"excerpt":{"rendered":"<p><strong>MUEBLE SUSPENDIDO ROMA<\/strong><\/p>\n<ul>\n<li>MODULOS: Bajo portalavabo 80 cm 2 cajones<\/li>\n<li>LAVABO: 81 cm porcelana<\/li>\n<li>ESPEJO: Espejo OVER 77 cm o Luna 80 x 70 cm IRIS<\/li>\n<li>Se fabrica en fondo de 40 y 45 cm<\/li>\n<li>Auxiliar, Grifer\u00eda y v\u00e1lvula no incluido<\/li>\n<li><strong>Plazo de entrega, 15-18 d\u00edas h\u00e1biles<\/strong><\/li>\n<\/ul>","protected":false},"featured_media":8088,"template":"","meta":[],"product_brand":[],"product_cat":[333,345,336],"product_tag":[],"class_list":{"0":"post-8059","1":"product","2":"type-product","3":"status-publish","4":"has-post-thumbnail","6":"product_cat-muebles-de-bano","7":"product_cat-roma","8":"product_cat-suspendido","10":"first","11":"instock","12":"taxable","13":"shipping-taxable","14":"purchasable","15":"product-type-variable"},"_links":{"self":[{"href":"https:\/\/mamparasyduchas.com\/en\/wp-json\/wp\/v2\/product\/8059","targetHints":{"allow":["GET"]}}],"collection":[{"href":"https:\/\/mamparasyduchas.com\/en\/wp-json\/wp\/v2\/product"}],"about":[{"href":"https:\/\/mamparasyduchas.com\/en\/wp-json\/wp\/v2\/types\/product"}],"wp:featuredmedia":[{"embeddable":true,"href":"https:\/\/mamparasyduchas.com\/en\/wp-json\/wp\/v2\/media\/8088"}],"wp:attachment":[{"href":"https:\/\/mamparasyduchas.com\/en\/wp-json\/wp\/v2\/media?parent=8059"}],"wp:term":[{"taxonomy":"product_brand","embeddable":true,"href":"https:\/\/mamparasyduchas.com\/en\/wp-json\/wp\/v2\/product_brand?post=8059"},{"taxonomy":"product_cat","embeddable":true,"href":"https:\/\/mamparasyduchas.com\/en\/wp-json\/wp\/v2\/product_cat?post=8059"},{"taxonomy":"product_tag","embeddable":true,"href":"https:\/\/mamparasyduchas.com\/en\/wp-json\/wp\/v2\/product_tag?post=8059"}],"curies":[{"name":"wp","href":"https:\/\/api.w.org\/{rel}","templated":true}]}}