{"id":8105,"date":"2024-02-02T12:00:59","date_gmt":"2024-02-02T12:00:59","guid":{"rendered":"https:\/\/www.mamparasyduchas.com\/?post_type=product&#038;p=8105"},"modified":"2024-02-02T12:01:03","modified_gmt":"2024-02-02T12:01:03","slug":"mueble-bano-suspendido-anais","status":"publish","type":"product","link":"https:\/\/mamparasyduchas.com\/en\/muebles-de-bano\/suspendido\/anais\/mueble-bano-suspendido-anais\/","title":{"rendered":"Mueble Ba\u00f1o Suspendido Anais"},"content":{"rendered":"<p>Mueble ensamblado, compuesto por dos cajones .<\/p>\n<p>Cajones interior en antracita ,superior con salva sif\u00f3n clasificador e inferior sistema push , gu\u00edas met\u00e1licas Hettich , extracci\u00f3n total con auto cierre progresivo .<\/p>\n<p>Herrajes para suspender el mueble regulables .<\/p>\n<p>Mueble integro en 19 mm .<\/p>\n<p>Tirador toallero met\u00e1lico , acabado negro mate<\/p>\n<p>El mueble debe ir anclado a la pared, lleve o no soportes met\u00e1licos al suelo<\/p>","protected":false},"excerpt":{"rendered":"<p><strong>DIBANNI<\/strong><\/p>\n<ul>\n<li>1 ud Modulo Superior.<\/li>\n<li>1 ud Encimera Thin<\/li>\n<li>1 ud Espejo basic<\/li>\n<\/ul>\n<p>El mueble de 120 cm es de 60+60 cm, consultar precio<\/p>\n<p>Espejo Led + Semicolumna Anais + Juego de soportes a suelo no est\u00e1n incluidos, consultar precios<\/p>","protected":false},"featured_media":8131,"template":"","meta":[],"product_brand":[],"product_cat":[347,333,336],"product_tag":[],"class_list":{"0":"post-8105","1":"product","2":"type-product","3":"status-publish","4":"has-post-thumbnail","6":"product_cat-anais","7":"product_cat-muebles-de-bano","8":"product_cat-suspendido","10":"first","11":"instock","12":"taxable","13":"shipping-taxable","14":"purchasable","15":"product-type-variable"},"_links":{"self":[{"href":"https:\/\/mamparasyduchas.com\/en\/wp-json\/wp\/v2\/product\/8105","targetHints":{"allow":["GET"]}}],"collection":[{"href":"https:\/\/mamparasyduchas.com\/en\/wp-json\/wp\/v2\/product"}],"about":[{"href":"https:\/\/mamparasyduchas.com\/en\/wp-json\/wp\/v2\/types\/product"}],"wp:featuredmedia":[{"embeddable":true,"href":"https:\/\/mamparasyduchas.com\/en\/wp-json\/wp\/v2\/media\/8131"}],"wp:attachment":[{"href":"https:\/\/mamparasyduchas.com\/en\/wp-json\/wp\/v2\/media?parent=8105"}],"wp:term":[{"taxonomy":"product_brand","embeddable":true,"href":"https:\/\/mamparasyduchas.com\/en\/wp-json\/wp\/v2\/product_brand?post=8105"},{"taxonomy":"product_cat","embeddable":true,"href":"https:\/\/mamparasyduchas.com\/en\/wp-json\/wp\/v2\/product_cat?post=8105"},{"taxonomy":"product_tag","embeddable":true,"href":"https:\/\/mamparasyduchas.com\/en\/wp-json\/wp\/v2\/product_tag?post=8105"}],"curies":[{"name":"wp","href":"https:\/\/api.w.org\/{rel}","templated":true}]}}